{"id":14,"date":"2016-04-14T16:37:47","date_gmt":"2016-04-14T16:37:47","guid":{"rendered":"http:\/\/atelier.nordhaus-wentzel.net\/?page_id=14"},"modified":"2016-06-21T10:49:32","modified_gmt":"2016-06-21T10:49:32","slug":"das-atelier","status":"publish","type":"page","link":"http:\/\/atelier.nordhaus-wentzel.net\/","title":{"rendered":"Das Atelier"},"content":{"rendered":"<figure id=\"attachment_24\" aria-describedby=\"caption-attachment-24\" style=\"width: 251px\" class=\"wp-caption alignleft\"><img decoding=\"async\" loading=\"lazy\" class=\"wp-image-24 size-medium\" src=\"http:\/\/atelier.nordhaus-wentzel.net\/wp-content\/uploads\/2016\/04\/sKunstoase_Nordhaus-Wentzel_Imobilienblase-251x300.jpg\" alt=\"Immobilienblase: Die Erde wird getragen von einem besch\u00e4digten Ballon aus Geb\u00e4uden in dem Bild von Yvonne Nordhaus-Wentzel\" width=\"251\" height=\"300\" srcset=\"http:\/\/atelier.nordhaus-wentzel.net\/wp-content\/uploads\/2016\/04\/sKunstoase_Nordhaus-Wentzel_Imobilienblase-251x300.jpg 251w, http:\/\/atelier.nordhaus-wentzel.net\/wp-content\/uploads\/2016\/04\/sKunstoase_Nordhaus-Wentzel_Imobilienblase-768x916.jpg 768w, http:\/\/atelier.nordhaus-wentzel.net\/wp-content\/uploads\/2016\/04\/sKunstoase_Nordhaus-Wentzel_Imobilienblase-858x1024.jpg 858w, http:\/\/atelier.nordhaus-wentzel.net\/wp-content\/uploads\/2016\/04\/sKunstoase_Nordhaus-Wentzel_Imobilienblase.jpg 1000w\" sizes=\"(max-width: 251px) 100vw, 251px\" \/><figcaption id=\"caption-attachment-24\" class=\"wp-caption-text\">\u201eIch habe schon viele Dinge in meinem Leben getan, oft angefangen, und wieder aufgeh\u00f6rt. Als ich aber die Malerei entdeckte, wusste ich, dass sie zu meinem st\u00e4ndigen Wegbegleitern werden wird. Denn das Spiel mit Farben l\u00e4sst mich Dinge entdecken, die zuvor im Dunklen lagen.\u201c Yvonne Nordhaus-Wentzel<\/figcaption><\/figure>\n<blockquote>\n<h2><em><strong>&#8222;Ich w\u00fcnsche Ihnen Mu\u00dfe und Genuss mit meiner Kunst.&#8220;<\/strong><\/em><\/h2>\n<\/blockquote>\n<p>&nbsp;<\/p>\n<p><strong>SCH\u00d6NHEIT\u00a0<\/strong>ist nicht immer auf den ersten Blick sichtbar.\u00a0Sie versteckt sich manchmal hinter Toren und\u00a0Mauern.<\/p>\n<p>&nbsp;<\/p>\n<p>Ein besonderes Juwel dieser verborgenen Sch\u00e4tze ist in Pohlheim\u00a0zu finden.<\/p>\n<p>&nbsp;<\/p>\n<p>Dort gibt es\u00a0inmitten des wohl \u00e4ltesten Teils des Pohlheimer Stadtteils Garbenteich einen Ort der Ruhe, der Inspiration<b>\u00a0<\/b>aus\u00a0Kunst und Natur, den man am Wenigsten dort vermutet h\u00e4tte.<\/p>\n<p>&nbsp;<\/p>\n<p>Es ist eine Kunstoase inmitten von kr\u00e4ftigem\u00a0Gr\u00fcn und altem Fachwerk, die die\u00a0K\u00fcnstlerin<br \/>\nYVONNE NORDHAUS-WENTZEL\u00a0gemeinsam mit ihrem\u00a0Ehemann Rolf geschaffen hat.<\/p>\n<p>&nbsp;<\/p>\n<p>In ihrem Atelier in der Scheunengalerie, als Zentrum ihrer k\u00fcnstlerischen\u00a0Kreativit\u00e4t, kann sie so in dieser kleinen abgeschiedenen Welt an ihren Werken arbeiten, die im\u00a0In- und \u00a0Ausland zu sehen sind.<\/p>\n<p><span style=\"font-family: Arial, sans-serif;\"><span style=\"font-size: medium;\"><em><strong>\u00a0<\/strong><\/em><\/span><\/span><\/p>\n","protected":false},"excerpt":{"rendered":"<p>&#8222;Ich w\u00fcnsche Ihnen Mu\u00dfe und Genuss mit meiner Kunst.&#8220; &nbsp; SCH\u00d6NHEIT\u00a0ist nicht immer auf den ersten Blick sichtbar.\u00a0Sie versteckt sich manchmal hinter Toren und\u00a0Mauern. &nbsp; Ein besonderes Juwel dieser verborgenen Sch\u00e4tze ist in Pohlheim\u00a0zu finden. &nbsp; Dort gibt es\u00a0inmitten des wohl \u00e4ltesten Teils des Pohlheimer Stadtteils Garbenteich einen Ort der Ruhe, der Inspiration\u00a0aus\u00a0Kunst und Natur, [&hellip;]<\/p>\n","protected":false},"author":1,"featured_media":0,"parent":0,"menu_order":0,"comment_status":"closed","ping_status":"closed","template":"","meta":[],"_links":{"self":[{"href":"http:\/\/atelier.nordhaus-wentzel.net\/index.php?rest_route=\/wp\/v2\/pages\/14"}],"collection":[{"href":"http:\/\/atelier.nordhaus-wentzel.net\/index.php?rest_route=\/wp\/v2\/pages"}],"about":[{"href":"http:\/\/atelier.nordhaus-wentzel.net\/index.php?rest_route=\/wp\/v2\/types\/page"}],"author":[{"embeddable":true,"href":"http:\/\/atelier.nordhaus-wentzel.net\/index.php?rest_route=\/wp\/v2\/users\/1"}],"replies":[{"embeddable":true,"href":"http:\/\/atelier.nordhaus-wentzel.net\/index.php?rest_route=%2Fwp%2Fv2%2Fcomments&post=14"}],"version-history":[{"count":23,"href":"http:\/\/atelier.nordhaus-wentzel.net\/index.php?rest_route=\/wp\/v2\/pages\/14\/revisions"}],"predecessor-version":[{"id":260,"href":"http:\/\/atelier.nordhaus-wentzel.net\/index.php?rest_route=\/wp\/v2\/pages\/14\/revisions\/260"}],"wp:attachment":[{"href":"http:\/\/atelier.nordhaus-wentzel.net\/index.php?rest_route=%2Fwp%2Fv2%2Fmedia&parent=14"}],"curies":[{"name":"wp","href":"https:\/\/api.w.org\/{rel}","templated":true}]}}